{"id":14491,"date":"2015-11-02T09:41:22","date_gmt":"2015-11-02T09:41:22","guid":{"rendered":"https:\/\/cyrusvillas.com\/luxury-villas-saint-tropez\/"},"modified":"2026-05-15T20:50:57","modified_gmt":"2026-05-15T19:50:57","slug":"luxury-villas-saint-tropez","status":"publish","type":"page","link":"https:\/\/cyrusvillas.com\/fr\/","title":{"rendered":"Villas de Luxe \u00e0 Saint-Tropez"},"content":{"rendered":"<div class=\"wpb-content-wrapper\"><style id=\"lang-flag-fix\">\nheader .language-switch{ top:6px !important; right:14px !important; left:auto !important; margin-top:0 !important; padding-top:0 !important; z-index:10 !important; }\n@media (max-width:1100px){ header .language-switch{ top:4px !important; right:8px !important; transform:scale(.85); transform-origin:top right; } }\nheader { background:#ffffff !important; }\nheader .logo, header .logo a { display:inline-block !important; max-width:240px !important; vertical-align:top; line-height:0; }\nheader .logo img { max-width:100% !important; max-height:80px !important; height:auto !important; width:auto !important; display:block !important; }\n@media (max-width:768px){ header .logo, header .logo a{ max-width:170px !important; } header .logo img{ max-height:60px !important; } }\n\/* widen main-nav so all menu items fit on one row *\/\nheader .main-nav{ left:300px !important; right:50px !important; width:auto !important; max-width:none !important; }\nheader #menu-main-menu, header ul.menu { white-space:nowrap !important; display:flex !important; flex-wrap:nowrap !important; justify-content:flex-end !important; gap:0 !important; }\nheader #menu-main-menu > li, header ul.menu > li { white-space:nowrap !important; flex:0 0 auto !important; }\nheader #menu-main-menu > li > a, header ul.menu > li > a { font-size:16px !important; padding-left:9px !important; padding-right:9px !important; letter-spacing:0 !important; }\n@media (max-width:1200px){ header #menu-main-menu > li > a, header ul.menu > li > a{ font-size:14px !important; padding-left:7px !important; padding-right:7px !important; } }\n@media (max-width:980px){ header .main-nav{ left:240px !important; right:40px !important; } header #menu-main-menu > li > a, header ul.menu > li > a{ font-size:13px !important; padding-left:5px !important; padding-right:5px !important; } }\n<\/style>\n<p>[vc_row css=\u00a0\u00bb.vc_custom_1507023356644{margin-bottom: 20px !important;}\u00a0\u00bb][vc_column][vc_column_text]<\/p>\n<h1 style=\"text-align: center;\">Villas de Luxe \u00e0 Saint-Tropez<\/h1>\n<p>Are you looking for\u00a0<a href=\"https:\/\/cyrusvillas.com\/our-properties\/?villa-type=rent&amp;rooms=&amp;rentprice=&amp;saleprice=\" target=\"_blank\" rel=\"noopener\">exclusive and luxury villas in Saint-Tropez<\/a>? Spend your holiday in a\u00a0<a href=\"https:\/\/cyrusvillas.com\/our-properties\/?villa-type=rent&amp;rooms=&amp;rentprice=&amp;saleprice=\" target=\"_blank\" rel=\"noopener\">magnificent villa in beautiful Saint-Tropez<\/a>! This historical place in the heart of the\u00a0<a href=\"http:\/\/uk.france.fr\/en\/discover\/french-riviera\" target=\"_blank\" rel=\"noopener\">French Riviera<\/a>\u00a0is the most famous seaside resort in Europe. The great ambiance of Saint-Tropez and our full service approach, guarantees a great holiday in this beautiful\u00a0region. The luxury villas in Saint-Tropez which are available for rent and for sale are in line with the way our clients like to spend their holiday. Enjoy your\u00a0<a href=\"https:\/\/cyrusvillas.com\/our-properties\/?villa-type=rent&amp;rooms=&amp;rentprice=&amp;saleprice=\" target=\"_blank\" rel=\"noopener\">exclusive villa here<\/a>! We have a magnificent range of luxury and exclusive villa rentals across gorgeous Saint-Tropez to <a href=\"https:\/\/cyrusvillas.com\/contact\/\" target=\"_blank\" rel=\"noopener\">book direct<\/a>.[\/vc_column_text][\/vc_column][\/vc_row][vc_row css=\u00a0\u00bb.vc_custom_1507030738815{margin-top: 30px !important;}\u00a0\u00bb][vc_column][vc_column_text]<\/p>\n<h2>Propri\u00e9t\u00e9s<\/h2>\n<p>[\/vc_column_text][\/vc_column][\/vc_row][vc_row el_class=\u00a0\u00bbvillas-home\u00a0\u00bb][vc_column width=\u00a0\u00bb1\/3&Prime;][vc_single_image image=\u00a0\u00bb5834&Prime; img_size=\u00a0\u00bbfull\u00a0\u00bb][vc_column_text]<\/p>\n<h2>Villa Maxime<\/h2>\n<p>Lovely modern decorated villa at the route Sainte Anne with a wonderful view over the bay and village of Saint Tropez. The house is decorated with a lot of art and the furniture in a modern style. The high ceiling with the wooden beams&#8230; <a href=\"https:\/\/cyrusvillas.com\/villa\/villa-maxime\/\">Lire la suite<\/a>[\/vc_column_text][\/vc_column][vc_column width=\u00a0\u00bb1\/3&Prime;][vc_single_image image=\u00a0\u00bb5791&Prime; img_size=\u00a0\u00bbfull\u00a0\u00bb][vc_column_text]<\/p>\n<h2>Villa Cap d&rsquo;Azur<\/h2>\n<p>In this\u00a0magnificent domain of Cap Tahiti, private and secured,\u00a0lies this lovely modern property that has been\u00a0totally renovated recently. The villa offers panoramic views over the sea and Pampelonne beach. It is possible to enter&#8230; <a href=\"https:\/\/cyrusvillas.com\/villa\/villa-cap-dazur-saint-tropez\/\">Lire la suite<\/a>[\/vc_column_text][\/vc_column][vc_column width=\u00a0\u00bb1\/3&Prime;][vc_single_image image=\u00a0\u00bb6053&Prime; img_size=\u00a0\u00bbfull\u00a0\u00bb][vc_column_text]<\/p>\n<h2>Villa Belv\u00e8dere<\/h2>\n<p>This luxurious, contemporary villa of approx. 350 m\u00b2 is located in a most exclusive residential area, just a short stroll away from the Pampelonne beaches and the famous Club 55. In the heart of a very attractive landscaped garden of&#8230; <a href=\"\/\/cyrusvillas.com\/villa\/villa-belvedere\/\">Lire la suite<\/a>[\/vc_column_text][\/vc_column][\/vc_row][vc_row el_class=\u00a0\u00bbvillas-home\u00a0\u00bb][vc_column width=\u00a0\u00bb1\/3&Prime;][vc_single_image image=\u00a0\u00bb5792&Prime; img_size=\u00a0\u00bbfull\u00a0\u00bb][vc_column_text]<\/p>\n<h2>Villa Indigo<\/h2>\n<p>This exceptional contemporary villa has been built on a 9,000 m\u00b2 plot of land with fantastic sea view over the Saint-Tropez bay. The villa has a unique and exclusive look that you will rarely see elsewhere due to the use of natural stone and&#8230; <a href=\"\/\/cyrusvillas.com\/villa\/villa-indigo-saint-tropez\/\">Lire la suite<\/a>[\/vc_column_text][\/vc_column][vc_column width=\u00a0\u00bb1\/3&Prime;][vc_single_image image=\u00a0\u00bb5793&Prime; img_size=\u00a0\u00bbfull\u00a0\u00bb][vc_column_text]<\/p>\n<h2>Villa La Ciel Bleu<\/h2>\n<p>The property is ideally situated between the village of Saint-Tropez and the beaches of Pampelonne, set in beautifully landscaped gardens extending to nearly 8,000 m\u00b2 (2 acres).\u00a0With majestic palm trees and a profusion of&#8230; <a href=\"\/\/cyrusvillas.com\/villa\/villa-la-ciel-bleu-saint-tropez\/\">Lire la suite<\/a>[\/vc_column_text][\/vc_column][vc_column width=\u00a0\u00bb1\/3&Prime;][vc_single_image image=\u00a0\u00bb5795&Prime; img_size=\u00a0\u00bbfull\u00a0\u00bb][vc_column_text]<\/p>\n<h2>Water&rsquo;s Edge<\/h2>\n<p>Saint-Tropez\u2019s stunning new water front property, Villa Water\u2019s Edge is part of One Authentic Propri\u00e9t\u00e9s\u2019 exclusive portfolio, crafted to the highest of standards by our team of internationally renowned architects and designers&#8230;. <a href=\"\/\/cyrusvillas.com\/villa\/villa-waters-edge-saint-tropez\/\">Lire la suite<\/a>[\/vc_column_text][\/vc_column][\/vc_row][vc_row][vc_column][vc_column_text]<\/p>\n<h2 style=\"text-align: center;\"><a href=\"https:\/\/cyrusvillas.com\/our-properties\/view-all\/?villa-type=rent\">View all our properties &gt;&gt;<\/a><\/h2>\n<p>[\/vc_column_text][\/vc_column][\/vc_row][vc_row css=\u00a0\u00bb.vc_custom_1507032539836{margin-bottom: -60px !important;}\u00a0\u00bb][vc_column][vc_separator][\/vc_column][\/vc_row]<\/p>\n<style>\n.asw-fab{position:fixed;right:24px;bottom:96px;z-index:9990;background:#B89F6E;color:#fff;text-decoration:none;font-family:Georgia,serif;letter-spacing:.04em;padding:14px 22px;border-radius:999px;box-shadow:0 8px 24px rgba(28,37,65,0.18);font-size:14px;display:inline-flex;align-items:center;gap:8px;transition:transform .15s,box-shadow .15s}\n.asw-fab:hover{transform:translateY(-2px);box-shadow:0 12px 28px rgba(28,37,65,0.24);color:#fff}\n.asw-fab .asw-fab-avatar{width:32px;height:32px;border-radius:50%;object-fit:cover;object-position:35% 30%;border:2px solid #fff}\n.asw-fab .asw-fab-pulse{position:absolute;top:8px;right:8px;width:10px;height:10px;border-radius:50%;background:#7CB342;box-shadow:0 0 0 0 rgba(124,179,66,.6);animation:aswPulse 1.6s infinite}\n@keyframes aswPulse{0%{box-shadow:0 0 0 0 rgba(124,179,66,.6)}70%{box-shadow:0 0 0 12px rgba(124,179,66,0)}100%{box-shadow:0 0 0 0 rgba(124,179,66,0)}}\n@media(max-width:560px){.asw-fab{right:14px;bottom:80px;padding:10px 16px;font-size:13px}.asw-fab span.asw-fab-text{display:none}}\n<\/style>\n<p><a class=\"asw-fab\" href=\"\/ask-sylvana\/\" aria-label=\"Ask Sylvana \u2014 your personal Saint-Tropez concierge\"><br \/>\n  <img decoding=\"async\" class=\"asw-fab-avatar\" src=\"https:\/\/cyrusvillas.com\/wp-content\/uploads\/2026\/04\/sylvana-maanurdin-cyrus-international-saint-tropez-concierge.jpg\" alt=\"Sylvana\"\/><br \/>\n  <span class=\"asw-fab-text\">Ask Sylvana<\/span><br \/>\n  <span class=\"asw-fab-pulse\"><\/span><br \/>\n<\/a><\/p>\n<\/div>","protected":false},"excerpt":{"rendered":"<p>[vc_row css=\u00a0\u00bb.vc_custom_1507023356644{margin-bottom: 20px !important;}\u00a0\u00bb][vc_column][vc_column_text] Villas de Luxe \u00e0 Saint-Tropez Are you looking for\u00a0exclusive and luxury villas in Saint-Tropez? Spend your holiday in a\u00a0magnificent villa in beautiful Saint-Tropez! This historical place in the heart of the\u00a0French Riviera\u00a0is the most famous seaside [&hellip;]<\/p>\n","protected":false},"author":7,"featured_media":14493,"parent":0,"menu_order":0,"comment_status":"closed","ping_status":"closed","template":"","meta":{"_acf_changed":false,"footnotes":""},"class_list":["post-14491","page","type-page","status-publish","has-post-thumbnail","hentry"],"acf":[],"yoast_head":"<!-- This site is optimized with the Yoast SEO plugin v22.5 - https:\/\/yoast.com\/wordpress\/plugins\/seo\/ -->\n<title>Villas de Luxe \u00e0 Saint-Tropez | Location &amp; Vente \u2014 Cyrus International<\/title>\n<meta name=\"description\" content=\"Villas de luxe \u00e0 louer ou \u00e0 vendre \u00e0 Saint-Tropez. Cyrus International \u2014 25 ans d&#039;expertise, plus de 100 propri\u00e9t\u00e9s exclusives, chefs priv\u00e9s, beach clubs et conciergerie sur mesure.\" \/>\n<meta name=\"robots\" content=\"index, follow, max-snippet:-1, max-image-preview:large, max-video-preview:-1\" \/>\n<link rel=\"canonical\" href=\"https:\/\/cyrusvillas.com\/fr\/?lang=fr\" \/>\n<meta property=\"og:locale\" content=\"fr_FR\" \/>\n<meta property=\"og:type\" content=\"article\" \/>\n<meta property=\"og:title\" content=\"Villas de Luxe \u00e0 Saint-Tropez | Location &amp; Vente \u2014 Cyrus International\" \/>\n<meta property=\"og:description\" content=\"Villas de luxe \u00e0 louer ou \u00e0 vendre \u00e0 Saint-Tropez. Cyrus International \u2014 25 ans d&#039;expertise, plus de 100 propri\u00e9t\u00e9s exclusives, chefs priv\u00e9s, beach clubs et conciergerie sur mesure.\" \/>\n<meta property=\"og:url\" content=\"https:\/\/cyrusvillas.com\/?lang=fr\" \/>\n<meta property=\"og:site_name\" content=\"Cyrus International\" \/>\n<meta property=\"article:modified_time\" content=\"2026-05-15T19:50:57+00:00\" \/>\n<meta property=\"og:image\" content=\"https:\/\/cyrusvillas.com\/wp-content\/uploads\/2026\/04\/luxury-villa-saint-tropez-family-infinity-pool.jpg\" \/>\n\t<meta property=\"og:image:width\" content=\"1920\" \/>\n\t<meta property=\"og:image:height\" content=\"869\" \/>\n\t<meta property=\"og:image:type\" content=\"image\/jpeg\" \/>\n<meta name=\"twitter:card\" content=\"summary_large_image\" \/>\n<meta name=\"twitter:label1\" content=\"Est. reading time\" \/>\n\t<meta name=\"twitter:data1\" content=\"4 minutes\" \/>\n<script type=\"application\/ld+json\" class=\"yoast-schema-graph\">{\"@context\":\"https:\/\/schema.org\",\"@graph\":[{\"@type\":\"WebPage\",\"@id\":\"https:\/\/cyrusvillas.com\/?lang=fr\",\"url\":\"https:\/\/cyrusvillas.com\/?lang=fr\",\"name\":\"Villas de Luxe \u00e0 Saint-Tropez | Location & Vente \u2014 Cyrus International\",\"isPartOf\":{\"@id\":\"https:\/\/cyrusvillas.com\/#website\"},\"primaryImageOfPage\":{\"@id\":\"https:\/\/cyrusvillas.com\/?lang=fr#primaryimage\"},\"image\":{\"@id\":\"https:\/\/cyrusvillas.com\/?lang=fr#primaryimage\"},\"thumbnailUrl\":\"https:\/\/cyrusvillas.com\/wp-content\/uploads\/2026\/04\/luxury-villa-saint-tropez-family-infinity-pool.jpg\",\"datePublished\":\"2015-11-02T09:41:22+00:00\",\"dateModified\":\"2026-05-15T19:50:57+00:00\",\"description\":\"Villas de luxe \u00e0 louer ou \u00e0 vendre \u00e0 Saint-Tropez. Cyrus International \u2014 25 ans d'expertise, plus de 100 propri\u00e9t\u00e9s exclusives, chefs priv\u00e9s, beach clubs et conciergerie sur mesure.\",\"breadcrumb\":{\"@id\":\"https:\/\/cyrusvillas.com\/?lang=fr#breadcrumb\"},\"inLanguage\":\"fr-FR\",\"potentialAction\":[{\"@type\":\"ReadAction\",\"target\":[\"https:\/\/cyrusvillas.com\/?lang=fr\"]}]},{\"@type\":\"ImageObject\",\"inLanguage\":\"fr-FR\",\"@id\":\"https:\/\/cyrusvillas.com\/?lang=fr#primaryimage\",\"url\":\"https:\/\/cyrusvillas.com\/wp-content\/uploads\/2026\/04\/luxury-villa-saint-tropez-family-infinity-pool.jpg\",\"contentUrl\":\"https:\/\/cyrusvillas.com\/wp-content\/uploads\/2026\/04\/luxury-villa-saint-tropez-family-infinity-pool.jpg\",\"width\":1920,\"height\":869,\"caption\":\"Cyrus International \u2014 luxury villa rentals on the C\u00f4te d'Azur\"},{\"@type\":\"BreadcrumbList\",\"@id\":\"https:\/\/cyrusvillas.com\/?lang=fr#breadcrumb\",\"itemListElement\":[{\"@type\":\"ListItem\",\"position\":1,\"name\":\"Home\",\"item\":\"https:\/\/cyrusvillas.com\/?lang=fr\"},{\"@type\":\"ListItem\",\"position\":2,\"name\":\"Villas de Luxe \u00e0 Saint-Tropez\"}]},{\"@type\":\"WebSite\",\"@id\":\"https:\/\/cyrusvillas.com\/#website\",\"url\":\"https:\/\/cyrusvillas.com\/\",\"name\":\"Cyrus International\",\"description\":\"Rent villa Saint-Tropez\",\"potentialAction\":[{\"@type\":\"SearchAction\",\"target\":{\"@type\":\"EntryPoint\",\"urlTemplate\":\"https:\/\/cyrusvillas.com\/?s={search_term_string}\"},\"query-input\":\"required name=search_term_string\"}],\"inLanguage\":\"fr-FR\"}]}<\/script>\n<!-- \/ Yoast SEO plugin. -->","yoast_head_json":{"title":"Villas de Luxe \u00e0 Saint-Tropez | Location & Vente \u2014 Cyrus International","description":"Villas de luxe \u00e0 louer ou \u00e0 vendre \u00e0 Saint-Tropez. Cyrus International \u2014 25 ans d'expertise, plus de 100 propri\u00e9t\u00e9s exclusives, chefs priv\u00e9s, beach clubs et conciergerie sur mesure.","robots":{"index":"index","follow":"follow","max-snippet":"max-snippet:-1","max-image-preview":"max-image-preview:large","max-video-preview":"max-video-preview:-1"},"canonical":"https:\/\/cyrusvillas.com\/fr\/?lang=fr","og_locale":"fr_FR","og_type":"article","og_title":"Villas de Luxe \u00e0 Saint-Tropez | Location & Vente \u2014 Cyrus International","og_description":"Villas de luxe \u00e0 louer ou \u00e0 vendre \u00e0 Saint-Tropez. Cyrus International \u2014 25 ans d'expertise, plus de 100 propri\u00e9t\u00e9s exclusives, chefs priv\u00e9s, beach clubs et conciergerie sur mesure.","og_url":"https:\/\/cyrusvillas.com\/?lang=fr","og_site_name":"Cyrus International","article_modified_time":"2026-05-15T19:50:57+00:00","og_image":[{"width":1920,"height":869,"url":"https:\/\/cyrusvillas.com\/wp-content\/uploads\/2026\/04\/luxury-villa-saint-tropez-family-infinity-pool.jpg","type":"image\/jpeg"}],"twitter_card":"summary_large_image","twitter_misc":{"Est. reading time":"4 minutes"},"schema":{"@context":"https:\/\/schema.org","@graph":[{"@type":"WebPage","@id":"https:\/\/cyrusvillas.com\/?lang=fr","url":"https:\/\/cyrusvillas.com\/?lang=fr","name":"Villas de Luxe \u00e0 Saint-Tropez | Location & Vente \u2014 Cyrus International","isPartOf":{"@id":"https:\/\/cyrusvillas.com\/#website"},"primaryImageOfPage":{"@id":"https:\/\/cyrusvillas.com\/?lang=fr#primaryimage"},"image":{"@id":"https:\/\/cyrusvillas.com\/?lang=fr#primaryimage"},"thumbnailUrl":"https:\/\/cyrusvillas.com\/wp-content\/uploads\/2026\/04\/luxury-villa-saint-tropez-family-infinity-pool.jpg","datePublished":"2015-11-02T09:41:22+00:00","dateModified":"2026-05-15T19:50:57+00:00","description":"Villas de luxe \u00e0 louer ou \u00e0 vendre \u00e0 Saint-Tropez. Cyrus International \u2014 25 ans d'expertise, plus de 100 propri\u00e9t\u00e9s exclusives, chefs priv\u00e9s, beach clubs et conciergerie sur mesure.","breadcrumb":{"@id":"https:\/\/cyrusvillas.com\/?lang=fr#breadcrumb"},"inLanguage":"fr-FR","potentialAction":[{"@type":"ReadAction","target":["https:\/\/cyrusvillas.com\/?lang=fr"]}]},{"@type":"ImageObject","inLanguage":"fr-FR","@id":"https:\/\/cyrusvillas.com\/?lang=fr#primaryimage","url":"https:\/\/cyrusvillas.com\/wp-content\/uploads\/2026\/04\/luxury-villa-saint-tropez-family-infinity-pool.jpg","contentUrl":"https:\/\/cyrusvillas.com\/wp-content\/uploads\/2026\/04\/luxury-villa-saint-tropez-family-infinity-pool.jpg","width":1920,"height":869,"caption":"Cyrus International \u2014 luxury villa rentals on the C\u00f4te d'Azur"},{"@type":"BreadcrumbList","@id":"https:\/\/cyrusvillas.com\/?lang=fr#breadcrumb","itemListElement":[{"@type":"ListItem","position":1,"name":"Home","item":"https:\/\/cyrusvillas.com\/?lang=fr"},{"@type":"ListItem","position":2,"name":"Villas de Luxe \u00e0 Saint-Tropez"}]},{"@type":"WebSite","@id":"https:\/\/cyrusvillas.com\/#website","url":"https:\/\/cyrusvillas.com\/","name":"Cyrus International","description":"Rent villa Saint-Tropez","potentialAction":[{"@type":"SearchAction","target":{"@type":"EntryPoint","urlTemplate":"https:\/\/cyrusvillas.com\/?s={search_term_string}"},"query-input":"required name=search_term_string"}],"inLanguage":"fr-FR"}]}},"_links":{"self":[{"href":"https:\/\/cyrusvillas.com\/fr\/wp-json\/wp\/v2\/pages\/14491\/"}],"collection":[{"href":"https:\/\/cyrusvillas.com\/fr\/wp-json\/wp\/v2\/pages\/"}],"about":[{"href":"https:\/\/cyrusvillas.com\/fr\/wp-json\/wp\/v2\/types\/page\/"}],"author":[{"embeddable":true,"href":"https:\/\/cyrusvillas.com\/fr\/wp-json\/wp\/v2\/users\/7\/"}],"replies":[{"embeddable":true,"href":"https:\/\/cyrusvillas.com\/fr\/wp-json\/wp\/v2\/comments\/?post=14491"}],"version-history":[{"count":3,"href":"https:\/\/cyrusvillas.com\/fr\/wp-json\/wp\/v2\/pages\/14491\/revisions\/"}],"predecessor-version":[{"id":14534,"href":"https:\/\/cyrusvillas.com\/fr\/wp-json\/wp\/v2\/pages\/14491\/revisions\/14534\/"}],"wp:featuredmedia":[{"embeddable":true,"href":"https:\/\/cyrusvillas.com\/fr\/wp-json\/wp\/v2\/media\/14493\/"}],"wp:attachment":[{"href":"https:\/\/cyrusvillas.com\/fr\/wp-json\/wp\/v2\/media\/?parent=14491"}],"curies":[{"name":"wp","href":"https:\/\/api.w.org\/{rel}","templated":true}]}}