{"id":14489,"date":"2015-11-02T15:08:14","date_gmt":"2015-11-02T15:08:14","guid":{"rendered":"https:\/\/cyrusvillas.com\/contact\/"},"modified":"2026-05-15T20:52:16","modified_gmt":"2026-05-15T19:52:16","slug":"contact","status":"publish","type":"page","link":"https:\/\/cyrusvillas.com\/fr\/contact\/","title":{"rendered":"Contact"},"content":{"rendered":"<p style=\"text-align: center;\">We\u00a0will provide you with all\u00a0the information you need, complete and tailor-made. Envoyez votre message \u00e0 Sylvana ou appelez-la, vous ne le regretterez pas !<\/p>\n","protected":false},"excerpt":{"rendered":"<p>We\u00a0will provide you with all\u00a0the information you need, complete and tailor-made. Envoyez votre message \u00e0 Sylvana ou appelez-la, vous ne le regretterez pas !<\/p>\n","protected":false},"author":7,"featured_media":0,"parent":0,"menu_order":0,"comment_status":"closed","ping_status":"closed","template":"","meta":{"_acf_changed":false,"footnotes":""},"class_list":["post-14489","page","type-page","status-publish","hentry"],"acf":[],"yoast_head":"<!-- This site is optimized with the Yoast SEO plugin v22.5 - https:\/\/yoast.com\/wordpress\/plugins\/seo\/ -->\n<title>Contact \u2014 Cyrus International Saint-Tropez<\/title>\n<meta name=\"description\" content=\"Contactez Sylvana directement par t\u00e9l\u00e9phone, WhatsApp ou e-mail. Nous vous fournirons des informations compl\u00e8tes et sur mesure pour votre s\u00e9jour \u00e0 Saint-Tropez.\" \/>\n<meta name=\"robots\" content=\"index, follow, max-snippet:-1, max-image-preview:large, max-video-preview:-1\" \/>\n<link rel=\"canonical\" href=\"https:\/\/cyrusvillas.com\/fr\/contact\/?lang=fr\" \/>\n<meta property=\"og:locale\" content=\"fr_FR\" \/>\n<meta property=\"og:type\" content=\"article\" \/>\n<meta property=\"og:title\" content=\"Contact \u2014 Cyrus International Saint-Tropez\" \/>\n<meta property=\"og:description\" content=\"Contactez Sylvana directement par t\u00e9l\u00e9phone, WhatsApp ou e-mail. Nous vous fournirons des informations compl\u00e8tes et sur mesure pour votre s\u00e9jour \u00e0 Saint-Tropez.\" \/>\n<meta property=\"og:url\" content=\"https:\/\/cyrusvillas.com\/contact\/?lang=fr\" \/>\n<meta property=\"og:site_name\" content=\"Cyrus International\" \/>\n<meta property=\"article:modified_time\" content=\"2026-05-15T19:52:16+00:00\" \/>\n<meta name=\"twitter:card\" content=\"summary_large_image\" \/>\n<meta name=\"twitter:label1\" content=\"Est. reading time\" \/>\n\t<meta name=\"twitter:data1\" content=\"1 minute\" \/>\n<script type=\"application\/ld+json\" class=\"yoast-schema-graph\">{\"@context\":\"https:\/\/schema.org\",\"@graph\":[{\"@type\":\"WebPage\",\"@id\":\"https:\/\/cyrusvillas.com\/contact\/?lang=fr\",\"url\":\"https:\/\/cyrusvillas.com\/contact\/?lang=fr\",\"name\":\"Contact \u2014 Cyrus International Saint-Tropez\",\"isPartOf\":{\"@id\":\"https:\/\/cyrusvillas.com\/#website\"},\"datePublished\":\"2015-11-02T15:08:14+00:00\",\"dateModified\":\"2026-05-15T19:52:16+00:00\",\"description\":\"Contactez Sylvana directement par t\u00e9l\u00e9phone, WhatsApp ou e-mail. Nous vous fournirons des informations compl\u00e8tes et sur mesure pour votre s\u00e9jour \u00e0 Saint-Tropez.\",\"breadcrumb\":{\"@id\":\"https:\/\/cyrusvillas.com\/contact\/?lang=fr#breadcrumb\"},\"inLanguage\":\"fr-FR\",\"potentialAction\":[{\"@type\":\"ReadAction\",\"target\":[\"https:\/\/cyrusvillas.com\/contact\/?lang=fr\"]}]},{\"@type\":\"BreadcrumbList\",\"@id\":\"https:\/\/cyrusvillas.com\/contact\/?lang=fr#breadcrumb\",\"itemListElement\":[{\"@type\":\"ListItem\",\"position\":1,\"name\":\"Home\",\"item\":\"https:\/\/cyrusvillas.com\/?lang=fr\"},{\"@type\":\"ListItem\",\"position\":2,\"name\":\"Contact\"}]},{\"@type\":\"WebSite\",\"@id\":\"https:\/\/cyrusvillas.com\/#website\",\"url\":\"https:\/\/cyrusvillas.com\/\",\"name\":\"Cyrus International\",\"description\":\"Rent villa Saint-Tropez\",\"potentialAction\":[{\"@type\":\"SearchAction\",\"target\":{\"@type\":\"EntryPoint\",\"urlTemplate\":\"https:\/\/cyrusvillas.com\/?s={search_term_string}\"},\"query-input\":\"required name=search_term_string\"}],\"inLanguage\":\"fr-FR\"}]}<\/script>\n<!-- \/ Yoast SEO plugin. -->","yoast_head_json":{"title":"Contact \u2014 Cyrus International Saint-Tropez","description":"Contactez Sylvana directement par t\u00e9l\u00e9phone, WhatsApp ou e-mail. Nous vous fournirons des informations compl\u00e8tes et sur mesure pour votre s\u00e9jour \u00e0 Saint-Tropez.","robots":{"index":"index","follow":"follow","max-snippet":"max-snippet:-1","max-image-preview":"max-image-preview:large","max-video-preview":"max-video-preview:-1"},"canonical":"https:\/\/cyrusvillas.com\/fr\/contact\/?lang=fr","og_locale":"fr_FR","og_type":"article","og_title":"Contact \u2014 Cyrus International Saint-Tropez","og_description":"Contactez Sylvana directement par t\u00e9l\u00e9phone, WhatsApp ou e-mail. Nous vous fournirons des informations compl\u00e8tes et sur mesure pour votre s\u00e9jour \u00e0 Saint-Tropez.","og_url":"https:\/\/cyrusvillas.com\/contact\/?lang=fr","og_site_name":"Cyrus International","article_modified_time":"2026-05-15T19:52:16+00:00","twitter_card":"summary_large_image","twitter_misc":{"Est. reading time":"1 minute"},"schema":{"@context":"https:\/\/schema.org","@graph":[{"@type":"WebPage","@id":"https:\/\/cyrusvillas.com\/contact\/?lang=fr","url":"https:\/\/cyrusvillas.com\/contact\/?lang=fr","name":"Contact \u2014 Cyrus International Saint-Tropez","isPartOf":{"@id":"https:\/\/cyrusvillas.com\/#website"},"datePublished":"2015-11-02T15:08:14+00:00","dateModified":"2026-05-15T19:52:16+00:00","description":"Contactez Sylvana directement par t\u00e9l\u00e9phone, WhatsApp ou e-mail. Nous vous fournirons des informations compl\u00e8tes et sur mesure pour votre s\u00e9jour \u00e0 Saint-Tropez.","breadcrumb":{"@id":"https:\/\/cyrusvillas.com\/contact\/?lang=fr#breadcrumb"},"inLanguage":"fr-FR","potentialAction":[{"@type":"ReadAction","target":["https:\/\/cyrusvillas.com\/contact\/?lang=fr"]}]},{"@type":"BreadcrumbList","@id":"https:\/\/cyrusvillas.com\/contact\/?lang=fr#breadcrumb","itemListElement":[{"@type":"ListItem","position":1,"name":"Home","item":"https:\/\/cyrusvillas.com\/?lang=fr"},{"@type":"ListItem","position":2,"name":"Contact"}]},{"@type":"WebSite","@id":"https:\/\/cyrusvillas.com\/#website","url":"https:\/\/cyrusvillas.com\/","name":"Cyrus International","description":"Rent villa Saint-Tropez","potentialAction":[{"@type":"SearchAction","target":{"@type":"EntryPoint","urlTemplate":"https:\/\/cyrusvillas.com\/?s={search_term_string}"},"query-input":"required name=search_term_string"}],"inLanguage":"fr-FR"}]}},"_links":{"self":[{"href":"https:\/\/cyrusvillas.com\/fr\/wp-json\/wp\/v2\/pages\/14489\/"}],"collection":[{"href":"https:\/\/cyrusvillas.com\/fr\/wp-json\/wp\/v2\/pages\/"}],"about":[{"href":"https:\/\/cyrusvillas.com\/fr\/wp-json\/wp\/v2\/types\/page\/"}],"author":[{"embeddable":true,"href":"https:\/\/cyrusvillas.com\/fr\/wp-json\/wp\/v2\/users\/7\/"}],"replies":[{"embeddable":true,"href":"https:\/\/cyrusvillas.com\/fr\/wp-json\/wp\/v2\/comments\/?post=14489"}],"version-history":[{"count":2,"href":"https:\/\/cyrusvillas.com\/fr\/wp-json\/wp\/v2\/pages\/14489\/revisions\/"}],"predecessor-version":[{"id":14532,"href":"https:\/\/cyrusvillas.com\/fr\/wp-json\/wp\/v2\/pages\/14489\/revisions\/14532\/"}],"wp:attachment":[{"href":"https:\/\/cyrusvillas.com\/fr\/wp-json\/wp\/v2\/media\/?parent=14489"}],"curies":[{"name":"wp","href":"https:\/\/api.w.org\/{rel}","templated":true}]}}